{"id":64,"date":"2017-07-21T13:34:42","date_gmt":"2017-07-21T13:34:42","guid":{"rendered":"http:\/\/s686026637.onlinehome.fr\/?page_id=64"},"modified":"2017-07-21T13:34:42","modified_gmt":"2017-07-21T13:34:42","slug":"contradico-cest-quoi","status":"publish","type":"page","link":"https:\/\/contradico.superovium.fr\/?page_id=64","title":{"rendered":"Mr ContraDico c&#8217;est qui ?"},"content":{"rendered":"<p><iframe loading=\"lazy\" title=\"Contradico c&#039;est trop bien ! (Parodie de Pub)\" width=\"500\" height=\"281\" src=\"https:\/\/www.youtube.com\/embed\/g63CNnYiXkk?feature=oembed\" frameborder=\"0\" allow=\"accelerometer; autoplay; clipboard-write; encrypted-media; gyroscope; picture-in-picture; web-share\" referrerpolicy=\"strict-origin-when-cross-origin\" allowfullscreen><\/iframe><\/p>\n<p>Salut et bienvenu \u00e0 toi dans le temple de la ContrAddiction !<\/p>\n<p>Ing\u00e9nieur IRL, j\u2019ai d\u00e9couvert que les gens avaient des id\u00e9es bien tranch\u00e9es sur certains sujets alors que la vie est bien plus complexe que &#8220;c&#8217;est mieux de manger bio&#8221; ou &#8220;le nucl\u00e9aire c&#8217;est polluant et les \u00e9oliennes c&#8217;est mieux&#8221; ou encore &#8220;tous les ch\u00f4meurs sont des fain\u00e9ants&#8221;.<\/p>\n<p>Si toi aussi tu en as marre d&#8217;entendre toujours la m\u00eame chose et que tu veux lutter contre ton propre biais de confirmation et bien je suis la pour challenger tes propres certitudes et tu seras peut \u00eatre m\u00eame \u00e9tonn\u00e9 de r\u00e9aliser que tu peux changer d&#8217;avis.<\/p>\n<p>Attention\u00a0! Ici pas de th\u00e9orie conspirationniste, nous essaierons d&#8217;\u00eatre au plus pr\u00e8s des faits car contredire c&#8217;est bien ! Mais argumenter c&#8217;est encore mieux !<\/p>\n<p>Rejoins moi sur : <a href=\"https:\/\/www.tiktok.com\/@mrcontradico\">Tiktok<\/a>, <a href=\"https:\/\/www.instagram.com\/mrcontradico\/\">Instagram<\/a> et <a href=\"https:\/\/www.youtube.com\/channel\/UCaiaO62ZVJdxqlsV-WiHKuw\">YouTube<\/a><\/p>\n<p>Et pour finir un dessin de <a href=\"https:\/\/www.instagram.com\/spihc_comics\/\">Spihc<\/a> qui r\u00e9sume tr\u00e8s bien le concept de la cha\u00eene.<\/p>\n<p><img loading=\"lazy\" decoding=\"async\" class=\"wp-image-470 aligncenter\" src=\"https:\/\/contradico.superovium.fr\/wp-content\/uploads\/2018\/06\/19575421_1532642633447896_6254522383580456941_o-854x1024.jpg\" alt=\"\" width=\"487\" height=\"584\" \/><\/p>\n","protected":false},"excerpt":{"rendered":"<p>Salut et bienvenu \u00e0 toi dans le temple de la ContrAddiction ! Ing\u00e9nieur IRL, j\u2019ai d\u00e9couvert que les gens avaient des id\u00e9es bien tranch\u00e9es sur certains sujets alors que la vie est bien plus complexe que &#8220;c&#8217;est mieux de manger bio&#8221; ou &#8220;le nucl\u00e9aire c&#8217;est polluant et les \u00e9oliennes c&#8217;est mieux&#8221; ou encore &#8220;tous les [&hellip;]<\/p>\n","protected":false},"author":2,"featured_media":182,"parent":0,"menu_order":0,"comment_status":"closed","ping_status":"closed","template":"template-full.php","meta":{"footnotes":""},"class_list":["post-64","page","type-page","status-publish","has-post-thumbnail","hentry"],"_links":{"self":[{"href":"https:\/\/contradico.superovium.fr\/index.php?rest_route=\/wp\/v2\/pages\/64","targetHints":{"allow":["GET"]}}],"collection":[{"href":"https:\/\/contradico.superovium.fr\/index.php?rest_route=\/wp\/v2\/pages"}],"about":[{"href":"https:\/\/contradico.superovium.fr\/index.php?rest_route=\/wp\/v2\/types\/page"}],"author":[{"embeddable":true,"href":"https:\/\/contradico.superovium.fr\/index.php?rest_route=\/wp\/v2\/users\/2"}],"replies":[{"embeddable":true,"href":"https:\/\/contradico.superovium.fr\/index.php?rest_route=%2Fwp%2Fv2%2Fcomments&post=64"}],"version-history":[{"count":0,"href":"https:\/\/contradico.superovium.fr\/index.php?rest_route=\/wp\/v2\/pages\/64\/revisions"}],"wp:featuredmedia":[{"embeddable":true,"href":"https:\/\/contradico.superovium.fr\/index.php?rest_route=\/"}],"wp:attachment":[{"href":"https:\/\/contradico.superovium.fr\/index.php?rest_route=%2Fwp%2Fv2%2Fmedia&parent=64"}],"curies":[{"name":"wp","href":"https:\/\/api.w.org\/{rel}","templated":true}]}}